{"id":2916,"date":"2024-04-10T15:25:42","date_gmt":"2024-04-10T18:25:42","guid":{"rendered":"https:\/\/stanleysunset.com.br\/?page_id=2916"},"modified":"2024-05-15T14:17:12","modified_gmt":"2024-05-15T17:17:12","slug":"ts03","status":"publish","type":"page","link":"https:\/\/stanleysunset.com.br\/index.php\/ts03\/","title":{"rendered":"Ts03"},"content":{"rendered":"\t\t<div data-elementor-type=\"wp-page\" data-elementor-id=\"2916\" class=\"elementor elementor-2916\">\n\t\t\t\t<div class=\"elementor-element elementor-element-8f6b860 e-flex e-con-boxed e-con e-parent\" data-id=\"8f6b860\" data-element_type=\"container\">\n\t\t\t\t\t<div class=\"e-con-inner\">\n\t\t<div class=\"elementor-element elementor-element-25e27ed e-con-full e-flex e-con e-child\" data-id=\"25e27ed\" data-element_type=\"container\">\n\t\t\t\t<div class=\"elementor-element elementor-element-348b548 elementor-widget elementor-widget-heading\" data-id=\"348b548\" data-element_type=\"widget\" data-widget_type=\"heading.default\">\n\t\t\t\t<div class=\"elementor-widget-container\">\n\t\t\t<h2 class=\"elementor-heading-title elementor-size-default\">TS03<\/h2>\t\t<\/div>\n\t\t\t\t<\/div>\n\t\t\t\t<div class=\"elementor-element elementor-element-e03f7bb elementor-widget elementor-widget-text-editor\" data-id=\"e03f7bb\" data-element_type=\"widget\" data-widget_type=\"text-editor.default\">\n\t\t\t\t<div class=\"elementor-widget-container\">\n\t\t\t\t\t\t\t<p><strong>Capacidade m\u00e1xima:\u00a0<\/strong>300 kg<\/p>\t\t\t\t\t\t<\/div>\n\t\t\t\t<\/div>\n\t\t\t\t<div class=\"elementor-element elementor-element-f390c0f elementor-widget elementor-widget-text-editor\" data-id=\"f390c0f\" data-element_type=\"widget\" data-widget_type=\"text-editor.default\">\n\t\t\t\t<div class=\"elementor-widget-container\">\n\t\t\t\t\t\t\t<p><strong>Altura de trabalho: <\/strong>5 m<\/p>\t\t\t\t\t\t<\/div>\n\t\t\t\t<\/div>\n\t\t\t\t<div class=\"elementor-element elementor-element-c564895 elementor-align-left elementor-widget elementor-widget-button\" data-id=\"c564895\" data-element_type=\"widget\" data-widget_type=\"button.default\">\n\t\t\t\t<div class=\"elementor-widget-container\">\n\t\t\t\t\t<div class=\"elementor-button-wrapper\">\n\t\t\t<a class=\"elementor-button elementor-button-link elementor-size-sm\" href=\"https:\/\/stanleysunset.com.br\/#contato\">\n\t\t\t\t\t\t<span class=\"elementor-button-content-wrapper\">\n\t\t\t\t\t\t\t\t\t<span class=\"elementor-button-text\">Fa\u00e7a um or\u00e7amento<\/span>\n\t\t\t\t\t<\/span>\n\t\t\t\t\t<\/a>\n\t\t<\/div>\n\t\t\t\t<\/div>\n\t\t\t\t<\/div>\n\t\t\t\t<\/div>\n\t\t<div class=\"elementor-element elementor-element-c15e130 e-con-full e-flex e-con e-child\" data-id=\"c15e130\" data-element_type=\"container\" data-settings=\"{&quot;background_background&quot;:&quot;classic&quot;}\">\n\t\t\t\t<div class=\"elementor-element elementor-element-74938fd elementor-widget elementor-widget-image\" data-id=\"74938fd\" data-element_type=\"widget\" data-widget_type=\"image.default\">\n\t\t\t\t<div class=\"elementor-widget-container\">\n\t\t\t\t\t\t\t\t\t\t\t\t\t<img fetchpriority=\"high\" decoding=\"async\" width=\"525\" height=\"525\" src=\"https:\/\/stanleysunset.com.br\/wp-content\/uploads\/2024\/05\/TS03.jpg\" class=\"attachment-large size-large wp-image-3012\" alt=\"\" srcset=\"https:\/\/stanleysunset.com.br\/wp-content\/uploads\/2024\/05\/TS03.jpg 640w, https:\/\/stanleysunset.com.br\/wp-content\/uploads\/2024\/05\/TS03-300x300.jpg 300w, https:\/\/stanleysunset.com.br\/wp-content\/uploads\/2024\/05\/TS03-150x150.jpg 150w, https:\/\/stanleysunset.com.br\/wp-content\/uploads\/2024\/05\/TS03-115x115.jpg 115w, https:\/\/stanleysunset.com.br\/wp-content\/uploads\/2024\/05\/TS03-389x390.jpg 389w, https:\/\/stanleysunset.com.br\/wp-content\/uploads\/2024\/05\/TS03-600x600.jpg 600w, https:\/\/stanleysunset.com.br\/wp-content\/uploads\/2024\/05\/TS03-100x100.jpg 100w\" sizes=\"(max-width: 525px) 100vw, 525px\" \/>\t\t\t\t\t\t\t\t\t\t\t\t\t<\/div>\n\t\t\t\t<\/div>\n\t\t\t\t<\/div>\n\t\t<div class=\"elementor-element elementor-element-3055581 e-con-full e-flex e-con e-child\" data-id=\"3055581\" data-element_type=\"container\">\n\t\t\t\t<div class=\"elementor-element elementor-element-3898777 elementor-widget elementor-widget-heading\" data-id=\"3898777\" data-element_type=\"widget\" data-widget_type=\"heading.default\">\n\t\t\t\t<div class=\"elementor-widget-container\">\n\t\t\t<h2 class=\"elementor-heading-title elementor-size-default\">Descri\u00e7\u00e3o completa<\/h2>\t\t<\/div>\n\t\t\t\t<\/div>\n\t\t\t\t<div class=\"elementor-element elementor-element-ecba02d elementor-widget elementor-widget-text-editor\" data-id=\"ecba02d\" data-element_type=\"widget\" data-widget_type=\"text-editor.default\">\n\t\t\t\t<div class=\"elementor-widget-container\">\n\t\t\t\t\t\t\t<p><strong>Dimens\u00e3o:\u00a0<\/strong>1.17&#215;0.60&#215;1.1 m<\/p>\t\t\t\t\t\t<\/div>\n\t\t\t\t<\/div>\n\t\t\t\t<div class=\"elementor-element elementor-element-829cf7a elementor-widget elementor-widget-text-editor\" data-id=\"829cf7a\" data-element_type=\"widget\" data-widget_type=\"text-editor.default\">\n\t\t\t\t<div class=\"elementor-widget-container\">\n\t\t\t\t\t\t\t<p><strong>Altura Plataforma:\u00a0<\/strong>3 m<\/p>\t\t\t\t\t\t<\/div>\n\t\t\t\t<\/div>\n\t\t\t\t<div class=\"elementor-element elementor-element-ed647a4 elementor-widget elementor-widget-text-editor\" data-id=\"ed647a4\" data-element_type=\"widget\" data-widget_type=\"text-editor.default\">\n\t\t\t\t<div class=\"elementor-widget-container\">\n\t\t\t\t\t\t\t<p><strong>Peso Total:<\/strong>\u00a0700 kg<\/p>\t\t\t\t\t\t<\/div>\n\t\t\t\t<\/div>\n\t\t\t\t<div class=\"elementor-element elementor-element-37be70b elementor-widget elementor-widget-text-editor\" data-id=\"37be70b\" data-element_type=\"widget\" data-widget_type=\"text-editor.default\">\n\t\t\t\t<div class=\"elementor-widget-container\">\n\t\t\t\t\t\t\t<p><strong>Alimenta\u00e7\u00e3o:<\/strong>\u00a0El\u00e9trica (Bivolt)<\/p>\t\t\t\t\t\t<\/div>\n\t\t\t\t<\/div>\n\t\t\t\t<div class=\"elementor-element elementor-element-196bb99 elementor-widget elementor-widget-text-editor\" data-id=\"196bb99\" data-element_type=\"widget\" data-widget_type=\"text-editor.default\">\n\t\t\t\t<div class=\"elementor-widget-container\">\n\t\t\t\t\t\t\t<p><strong>Bateria: <\/strong>Bateria de \u00edon-l\u00edtio<\/p>\t\t\t\t\t\t<\/div>\n\t\t\t\t<\/div>\n\t\t\t\t<div class=\"elementor-element elementor-element-4e74f37 elementor-widget elementor-widget-text-editor\" data-id=\"4e74f37\" data-element_type=\"widget\" data-widget_type=\"text-editor.default\">\n\t\t\t\t<div class=\"elementor-widget-container\">\n\t\t\t\t\t\t\t<p><strong>Extens\u00e3o da Plataforma:<\/strong> 0.55 m<\/p>\t\t\t\t\t\t<\/div>\n\t\t\t\t<\/div>\n\t\t\t\t<\/div>\n\t\t\t\t\t<\/div>\n\t\t\t\t<\/div>\n\t\t<div class=\"elementor-element elementor-element-4fae956 e-flex e-con-boxed e-con e-parent\" data-id=\"4fae956\" data-element_type=\"container\">\n\t\t\t\t\t<div class=\"e-con-inner\">\n\t\t<div class=\"elementor-element elementor-element-453826a e-con-full e-flex e-con e-child\" data-id=\"453826a\" data-element_type=\"container\">\n\t\t\t\t<div class=\"elementor-element elementor-element-b7a7317 elementor-widget elementor-widget-heading\" data-id=\"b7a7317\" data-element_type=\"widget\" data-widget_type=\"heading.default\">\n\t\t\t\t<div class=\"elementor-widget-container\">\n\t\t\t<h2 class=\"elementor-heading-title elementor-size-default\">Por que as Plataformas A\u00e9reas s\u00e3o mais seguras e eficazes<\/h2>\t\t<\/div>\n\t\t\t\t<\/div>\n\t\t\t\t<div class=\"elementor-element elementor-element-55c6b74 elementor-widget elementor-widget-text-editor\" data-id=\"55c6b74\" data-element_type=\"widget\" data-widget_type=\"text-editor.default\">\n\t\t\t\t<div class=\"elementor-widget-container\">\n\t\t\t\t\t\t\t<p><span style=\"font-weight: 400;\">As plataformas para trabalho em altura (PTA) , seja ela tesoura ou articulada, desempenham um papel essencial na garantia da seguran\u00e7a e na promo\u00e7\u00e3o da produtividade em ambientes de trabalho que envolvem atividades em alturas elevadas.\u00a0<\/span><\/p><p><br \/><br \/><\/p>\t\t\t\t\t\t<\/div>\n\t\t\t\t<\/div>\n\t\t\t\t<\/div>\n\t\t\t\t\t<\/div>\n\t\t\t\t<\/div>\n\t\t<div class=\"elementor-element elementor-element-cac8653 e-flex e-con-boxed e-con e-parent\" data-id=\"cac8653\" data-element_type=\"container\">\n\t\t\t\t\t<div class=\"e-con-inner\">\n\t\t\t\t<div class=\"elementor-element elementor-element-87d1899 elementor-hidden-tablet elementor-hidden-mobile elementor-widget elementor-widget-eael-image-accordion\" data-id=\"87d1899\" data-element_type=\"widget\" data-widget_type=\"eael-image-accordion.default\">\n\t\t\t\t<div class=\"elementor-widget-container\">\n\t\t\t    <div class=\"eael-img-accordion accordion-direction-horizontal eael-img-accordion-horizontal-align-center eael-img-accordion-vertical-align-center\" id=\"eael-img-accordion-87d1899\" data-img-accordion-id=\"87d1899\" data-img-accordion-type=\"on-hover\">\n                    \n            <div class=\"eael-image-accordion-hover eael-image-accordion-item\" style=\"background-image: url(https:\/\/stanleysunset.com.br\/wp-content\/uploads\/2024\/03\/img1.jpg);\"  tabindex=\"0\">\n                <div class=\"overlay\">\n                    <div class=\"overlay-inner \">\n                                            <\/div>\n                <\/div>\n            <\/div>\n                    \n            <div class=\"eael-image-accordion-hover eael-image-accordion-item\" style=\"background-image: url(https:\/\/stanleysunset.com.br\/wp-content\/uploads\/2024\/03\/img2.jpg);\"  tabindex=\"0\">\n                <div class=\"overlay\">\n                    <div class=\"overlay-inner \">\n                                            <\/div>\n                <\/div>\n            <\/div>\n                    \n            <div class=\"eael-image-accordion-hover eael-image-accordion-item\" style=\"background-image: url(https:\/\/stanleysunset.com.br\/wp-content\/uploads\/2024\/03\/img3.jpg);\"  tabindex=\"0\">\n                <div class=\"overlay\">\n                    <div class=\"overlay-inner \">\n                                            <\/div>\n                <\/div>\n            <\/div>\n                    \n            <div class=\"eael-image-accordion-hover eael-image-accordion-item\" style=\"background-image: url(https:\/\/stanleysunset.com.br\/wp-content\/uploads\/2024\/03\/img4.jpg);\"  tabindex=\"0\">\n                <div class=\"overlay\">\n                    <div class=\"overlay-inner \">\n                                            <\/div>\n                <\/div>\n            <\/div>\n                    \n            <div class=\"eael-image-accordion-hover eael-image-accordion-item\" style=\"background-image: url(https:\/\/stanleysunset.com.br\/wp-content\/uploads\/2024\/03\/img5.jpg);\"  tabindex=\"0\">\n                <div class=\"overlay\">\n                    <div class=\"overlay-inner \">\n                                            <\/div>\n                <\/div>\n            <\/div>\n                    \n            <div class=\"eael-image-accordion-hover eael-image-accordion-item\" style=\"background-image: url(https:\/\/stanleysunset.com.br\/wp-content\/uploads\/2024\/03\/img6.jpg);\"  tabindex=\"0\">\n                <div class=\"overlay\">\n                    <div class=\"overlay-inner \">\n                                            <\/div>\n                <\/div>\n            <\/div>\n                    \n            <div class=\"eael-image-accordion-hover eael-image-accordion-item\" style=\"background-image: url(https:\/\/stanleysunset.com.br\/wp-content\/uploads\/2024\/03\/img7.jpg);\"  tabindex=\"0\">\n                <div class=\"overlay\">\n                    <div class=\"overlay-inner \">\n                                            <\/div>\n                <\/div>\n            <\/div>\n                <\/div>\n        <style typr=\"text\/css\">\n                    #eael-img-accordion-87d1899 .eael-image-accordion-hover:hover {\n                        flex: 3 1 0% !important;\n                    }\n                    #eael-img-accordion-87d1899 .eael-image-accordion-hover:hover:hover .overlay-inner * {\n                        opacity: 1;\n                        visibility: visible;\n                        transform: none;\n                        transition: all .3s .3s;\n                    }\n                <\/style>\t\t<\/div>\n\t\t\t\t<\/div>\n\t\t\t\t\t<\/div>\n\t\t\t\t<\/div>\n\t\t<div class=\"elementor-element elementor-element-258d609 e-flex e-con-boxed e-con e-parent\" data-id=\"258d609\" data-element_type=\"container\">\n\t\t\t\t\t<div class=\"e-con-inner\">\n\t\t\t\t<div class=\"elementor-element elementor-element-a7d05ad elementor-hidden-desktop elementor-widget elementor-widget-eael-image-accordion\" data-id=\"a7d05ad\" data-element_type=\"widget\" data-widget_type=\"eael-image-accordion.default\">\n\t\t\t\t<div class=\"elementor-widget-container\">\n\t\t\t    <div class=\"eael-img-accordion accordion-direction-horizontal eael-img-accordion-horizontal-align-center eael-img-accordion-vertical-align-center\" id=\"eael-img-accordion-a7d05ad\" data-img-accordion-id=\"a7d05ad\" data-img-accordion-type=\"on-hover\">\n                    \n            <div class=\"eael-image-accordion-hover eael-image-accordion-item\" style=\"background-image: url(https:\/\/stanleysunset.com.br\/wp-content\/uploads\/2024\/03\/img1.jpg);\"  tabindex=\"0\">\n                <div class=\"overlay\">\n                    <div class=\"overlay-inner \">\n                                            <\/div>\n                <\/div>\n            <\/div>\n                    \n            <div class=\"eael-image-accordion-hover eael-image-accordion-item\" style=\"background-image: url(https:\/\/stanleysunset.com.br\/wp-content\/uploads\/2024\/03\/img2.jpg);\"  tabindex=\"0\">\n                <div class=\"overlay\">\n                    <div class=\"overlay-inner \">\n                                            <\/div>\n                <\/div>\n            <\/div>\n                    \n            <div class=\"eael-image-accordion-hover eael-image-accordion-item\" style=\"background-image: url(https:\/\/stanleysunset.com.br\/wp-content\/uploads\/2024\/03\/img3.jpg);\"  tabindex=\"0\">\n                <div class=\"overlay\">\n                    <div class=\"overlay-inner \">\n                                            <\/div>\n                <\/div>\n            <\/div>\n                    \n            <div class=\"eael-image-accordion-hover eael-image-accordion-item\" style=\"background-image: url(https:\/\/stanleysunset.com.br\/wp-content\/uploads\/2024\/03\/img4.jpg);\"  tabindex=\"0\">\n                <div class=\"overlay\">\n                    <div class=\"overlay-inner \">\n                                            <\/div>\n                <\/div>\n            <\/div>\n                    \n            <div class=\"eael-image-accordion-hover eael-image-accordion-item\" style=\"background-image: url(https:\/\/stanleysunset.com.br\/wp-content\/uploads\/2024\/03\/img5.jpg);\"  tabindex=\"0\">\n                <div class=\"overlay\">\n                    <div class=\"overlay-inner \">\n                                            <\/div>\n                <\/div>\n            <\/div>\n                    \n            <div class=\"eael-image-accordion-hover eael-image-accordion-item\" style=\"background-image: url(https:\/\/stanleysunset.com.br\/wp-content\/uploads\/2024\/03\/img6.jpg);\"  tabindex=\"0\">\n                <div class=\"overlay\">\n                    <div class=\"overlay-inner \">\n                                            <\/div>\n                <\/div>\n            <\/div>\n                    \n            <div class=\"eael-image-accordion-hover eael-image-accordion-item\" style=\"background-image: url(https:\/\/stanleysunset.com.br\/wp-content\/uploads\/2024\/03\/img7.jpg);\"  tabindex=\"0\">\n                <div class=\"overlay\">\n                    <div class=\"overlay-inner \">\n                                            <\/div>\n                <\/div>\n            <\/div>\n                <\/div>\n        <style typr=\"text\/css\">\n                    #eael-img-accordion-a7d05ad .eael-image-accordion-hover:hover {\n                        flex: 3 1 0% !important;\n                    }\n                    #eael-img-accordion-a7d05ad .eael-image-accordion-hover:hover:hover .overlay-inner * {\n                        opacity: 1;\n                        visibility: visible;\n                        transform: none;\n                        transition: all .3s .3s;\n                    }\n                <\/style>\t\t<\/div>\n\t\t\t\t<\/div>\n\t\t\t\t\t<\/div>\n\t\t\t\t<\/div>\n\t\t\t\t<\/div>\n\t\t","protected":false},"excerpt":{"rendered":"<p>TS03 Capacidade m\u00e1xima:\u00a0300 kg Altura de trabalho: 5 m Fa\u00e7a um or\u00e7amento Descri\u00e7\u00e3o completa Dimens\u00e3o:\u00a01.17&#215;0.60&#215;1.1 m Altura Plataforma:\u00a03 m Peso Total:\u00a0700 kg Alimenta\u00e7\u00e3o:\u00a0El\u00e9trica (Bivolt) Bateria: Bateria de \u00edon-l\u00edtio Extens\u00e3o da Plataforma: 0.55 m Por que as Plataformas A\u00e9reas s\u00e3o mais seguras e eficazes As plataformas para trabalho em altura (PTA) , seja ela tesoura ou [&hellip;]<\/p>\n","protected":false},"author":1,"featured_media":0,"parent":0,"menu_order":0,"comment_status":"closed","ping_status":"closed","template":"elementor_header_footer","meta":{"_joinchat":[],"footnotes":""},"class_list":["post-2916","page","type-page","status-publish","hentry"],"_links":{"self":[{"href":"https:\/\/stanleysunset.com.br\/index.php\/wp-json\/wp\/v2\/pages\/2916"}],"collection":[{"href":"https:\/\/stanleysunset.com.br\/index.php\/wp-json\/wp\/v2\/pages"}],"about":[{"href":"https:\/\/stanleysunset.com.br\/index.php\/wp-json\/wp\/v2\/types\/page"}],"author":[{"embeddable":true,"href":"https:\/\/stanleysunset.com.br\/index.php\/wp-json\/wp\/v2\/users\/1"}],"replies":[{"embeddable":true,"href":"https:\/\/stanleysunset.com.br\/index.php\/wp-json\/wp\/v2\/comments?post=2916"}],"version-history":[{"count":9,"href":"https:\/\/stanleysunset.com.br\/index.php\/wp-json\/wp\/v2\/pages\/2916\/revisions"}],"predecessor-version":[{"id":3087,"href":"https:\/\/stanleysunset.com.br\/index.php\/wp-json\/wp\/v2\/pages\/2916\/revisions\/3087"}],"wp:attachment":[{"href":"https:\/\/stanleysunset.com.br\/index.php\/wp-json\/wp\/v2\/media?parent=2916"}],"curies":[{"name":"wp","href":"https:\/\/api.w.org\/{rel}","templated":true}]}}